{"id":87,"date":"2011-02-03T17:58:42","date_gmt":"2011-02-03T17:58:42","guid":{"rendered":"http:\/\/www.solv.net.br\/i\/"},"modified":"2016-08-13T14:14:08","modified_gmt":"2016-08-13T14:14:08","slug":"canaril-chilanti","status":"publish","type":"page","link":"https:\/\/www.solv.net.br\/i\/criadores\/canaril-chilanti\/","title":{"rendered":"CHILANTI CANARIL"},"content":{"rendered":"<p><strong>CHILANTE CANARIL COM NOVAS INSTALA\u00c7\u00d5ES&#8230;<\/strong><\/p>\n<p>&nbsp;<\/p>\n<p>O criador e s\u00f3cio da SOLV Cleocir Chilante realizou no dia 13 de agosto, a transfer\u00eancia de suas aves para o novo canaril constru\u00eddo recentemente. Estiveram selecionado os casais de can\u00e1rios o criador e juiz ornitol\u00f3gico GRIPA\u00a0 da cidade de Caxias do Sul,juntamente com\u00a0 o m\u00e9dico veterin\u00e1rio S\u00e9rgio Domingues. (Algumas fotos do novo Canaril).<\/p>\n<p>&nbsp;<\/p>\n<p><a href=\"http:\/\/www.solv.net.br\/i\/wp-content\/uploads\/2011\/02\/2016-08-13-09.41.06.jpg\"><img loading=\"lazy\" class=\"alignnone size-full wp-image-2783\" src=\"http:\/\/www.solv.net.br\/i\/wp-content\/uploads\/2011\/02\/2016-08-13-09.41.06.jpg\" alt=\"2016-08-13 09.41.06\" width=\"900\" height=\"655\" srcset=\"https:\/\/www.solv.net.br\/i\/wp-content\/uploads\/2011\/02\/2016-08-13-09.41.06.jpg 900w, https:\/\/www.solv.net.br\/i\/wp-content\/uploads\/2011\/02\/2016-08-13-09.41.06-300x218.jpg 300w\" sizes=\"(max-width: 900px) 100vw, 900px\" \/><\/a>\u00a0<a href=\"http:\/\/www.solv.net.br\/i\/wp-content\/uploads\/2011\/02\/2016-08-13-09.19.12.jpg\"><img loading=\"lazy\" class=\"alignnone size-full wp-image-2773\" src=\"http:\/\/www.solv.net.br\/i\/wp-content\/uploads\/2011\/02\/2016-08-13-09.19.12.jpg\" alt=\"2016-08-13 09.19.12\" width=\"900\" height=\"675\" srcset=\"https:\/\/www.solv.net.br\/i\/wp-content\/uploads\/2011\/02\/2016-08-13-09.19.12.jpg 900w, https:\/\/www.solv.net.br\/i\/wp-content\/uploads\/2011\/02\/2016-08-13-09.19.12-300x225.jpg 300w\" sizes=\"(max-width: 900px) 100vw, 900px\" \/><\/a> <a href=\"http:\/\/www.solv.net.br\/i\/wp-content\/uploads\/2011\/02\/2016-08-13-09.19.39.jpg\"><img loading=\"lazy\" class=\"alignnone size-full wp-image-2774\" src=\"http:\/\/www.solv.net.br\/i\/wp-content\/uploads\/2011\/02\/2016-08-13-09.19.39.jpg\" alt=\"2016-08-13 09.19.39\" width=\"900\" height=\"675\" srcset=\"https:\/\/www.solv.net.br\/i\/wp-content\/uploads\/2011\/02\/2016-08-13-09.19.39.jpg 900w, https:\/\/www.solv.net.br\/i\/wp-content\/uploads\/2011\/02\/2016-08-13-09.19.39-300x225.jpg 300w\" sizes=\"(max-width: 900px) 100vw, 900px\" \/><\/a> <a href=\"http:\/\/www.solv.net.br\/i\/wp-content\/uploads\/2011\/02\/2016-08-13-09.19.56.jpg\"><img loading=\"lazy\" class=\"alignnone size-full wp-image-2775\" src=\"http:\/\/www.solv.net.br\/i\/wp-content\/uploads\/2011\/02\/2016-08-13-09.19.56.jpg\" alt=\"2016-08-13 09.19.56\" width=\"900\" height=\"675\" srcset=\"https:\/\/www.solv.net.br\/i\/wp-content\/uploads\/2011\/02\/2016-08-13-09.19.56.jpg 900w, https:\/\/www.solv.net.br\/i\/wp-content\/uploads\/2011\/02\/2016-08-13-09.19.56-300x225.jpg 300w\" sizes=\"(max-width: 900px) 100vw, 900px\" \/><\/a> <a href=\"http:\/\/www.solv.net.br\/i\/wp-content\/uploads\/2011\/02\/2016-08-13-09.20.09.jpg\"><img loading=\"lazy\" class=\"alignnone size-full wp-image-2776\" src=\"http:\/\/www.solv.net.br\/i\/wp-content\/uploads\/2011\/02\/2016-08-13-09.20.09.jpg\" alt=\"2016-08-13 09.20.09\" width=\"900\" height=\"675\" srcset=\"https:\/\/www.solv.net.br\/i\/wp-content\/uploads\/2011\/02\/2016-08-13-09.20.09.jpg 900w, https:\/\/www.solv.net.br\/i\/wp-content\/uploads\/2011\/02\/2016-08-13-09.20.09-300x225.jpg 300w\" sizes=\"(max-width: 900px) 100vw, 900px\" \/><\/a> <a href=\"http:\/\/www.solv.net.br\/i\/wp-content\/uploads\/2011\/02\/2016-08-13-09.20.12.jpg\"><img loading=\"lazy\" class=\"alignnone size-full wp-image-2777\" src=\"http:\/\/www.solv.net.br\/i\/wp-content\/uploads\/2011\/02\/2016-08-13-09.20.12.jpg\" alt=\"2016-08-13 09.20.12\" width=\"900\" height=\"675\" srcset=\"https:\/\/www.solv.net.br\/i\/wp-content\/uploads\/2011\/02\/2016-08-13-09.20.12.jpg 900w, https:\/\/www.solv.net.br\/i\/wp-content\/uploads\/2011\/02\/2016-08-13-09.20.12-300x225.jpg 300w\" sizes=\"(max-width: 900px) 100vw, 900px\" \/><\/a> <a href=\"http:\/\/www.solv.net.br\/i\/wp-content\/uploads\/2011\/02\/2016-08-13-09.20.35.jpg\"><img loading=\"lazy\" class=\"alignnone size-full wp-image-2778\" src=\"http:\/\/www.solv.net.br\/i\/wp-content\/uploads\/2011\/02\/2016-08-13-09.20.35.jpg\" alt=\"2016-08-13 09.20.35\" width=\"900\" height=\"675\" srcset=\"https:\/\/www.solv.net.br\/i\/wp-content\/uploads\/2011\/02\/2016-08-13-09.20.35.jpg 900w, https:\/\/www.solv.net.br\/i\/wp-content\/uploads\/2011\/02\/2016-08-13-09.20.35-300x225.jpg 300w\" sizes=\"(max-width: 900px) 100vw, 900px\" \/><\/a> <a href=\"http:\/\/www.solv.net.br\/i\/wp-content\/uploads\/2011\/02\/2016-08-13-09.20.41.jpg\"><img loading=\"lazy\" class=\"alignnone size-full wp-image-2779\" src=\"http:\/\/www.solv.net.br\/i\/wp-content\/uploads\/2011\/02\/2016-08-13-09.20.41.jpg\" alt=\"2016-08-13 09.20.41\" width=\"900\" height=\"675\" srcset=\"https:\/\/www.solv.net.br\/i\/wp-content\/uploads\/2011\/02\/2016-08-13-09.20.41.jpg 900w, https:\/\/www.solv.net.br\/i\/wp-content\/uploads\/2011\/02\/2016-08-13-09.20.41-300x225.jpg 300w\" sizes=\"(max-width: 900px) 100vw, 900px\" \/><\/a> <a href=\"http:\/\/www.solv.net.br\/i\/wp-content\/uploads\/2011\/02\/2016-08-13-09.24.14.jpg\"><img loading=\"lazy\" class=\"alignnone size-full wp-image-2780\" src=\"http:\/\/www.solv.net.br\/i\/wp-content\/uploads\/2011\/02\/2016-08-13-09.24.14.jpg\" alt=\"2016-08-13 09.24.14\" width=\"900\" height=\"675\" srcset=\"https:\/\/www.solv.net.br\/i\/wp-content\/uploads\/2011\/02\/2016-08-13-09.24.14.jpg 900w, https:\/\/www.solv.net.br\/i\/wp-content\/uploads\/2011\/02\/2016-08-13-09.24.14-300x225.jpg 300w\" sizes=\"(max-width: 900px) 100vw, 900px\" \/><\/a> <a href=\"http:\/\/www.solv.net.br\/i\/wp-content\/uploads\/2011\/02\/2016-08-13-09.24.18.jpg\"><img loading=\"lazy\" class=\"alignnone size-full wp-image-2781\" src=\"http:\/\/www.solv.net.br\/i\/wp-content\/uploads\/2011\/02\/2016-08-13-09.24.18.jpg\" alt=\"2016-08-13 09.24.18\" width=\"900\" height=\"675\" srcset=\"https:\/\/www.solv.net.br\/i\/wp-content\/uploads\/2011\/02\/2016-08-13-09.24.18.jpg 900w, https:\/\/www.solv.net.br\/i\/wp-content\/uploads\/2011\/02\/2016-08-13-09.24.18-300x225.jpg 300w\" sizes=\"(max-width: 900px) 100vw, 900px\" \/><\/a> <a href=\"http:\/\/www.solv.net.br\/i\/wp-content\/uploads\/2011\/02\/2016-08-13-09.24.30.jpg\"><img loading=\"lazy\" class=\"alignnone size-full wp-image-2782\" src=\"http:\/\/www.solv.net.br\/i\/wp-content\/uploads\/2011\/02\/2016-08-13-09.24.30.jpg\" alt=\"2016-08-13 09.24.30\" width=\"900\" height=\"675\" srcset=\"https:\/\/www.solv.net.br\/i\/wp-content\/uploads\/2011\/02\/2016-08-13-09.24.30.jpg 900w, https:\/\/www.solv.net.br\/i\/wp-content\/uploads\/2011\/02\/2016-08-13-09.24.30-300x225.jpg 300w\" sizes=\"(max-width: 900px) 100vw, 900px\" \/><\/a><\/p>\n<p>&nbsp;<\/p>\n<p>&nbsp;<\/p>\n<p><a href=\"http:\/\/www.solv.net.br\/i\/wp-content\/uploads\/2011\/02\/11230238_453409148160401_8519158009039822072_n.jpg\"><img loading=\"lazy\" class=\"alignnone size-full wp-image-2580\" src=\"http:\/\/www.solv.net.br\/i\/wp-content\/uploads\/2011\/02\/11230238_453409148160401_8519158009039822072_n.jpg\" alt=\"11230238_453409148160401_8519158009039822072_n\" width=\"640\" height=\"424\" srcset=\"https:\/\/www.solv.net.br\/i\/wp-content\/uploads\/2011\/02\/11230238_453409148160401_8519158009039822072_n.jpg 640w, https:\/\/www.solv.net.br\/i\/wp-content\/uploads\/2011\/02\/11230238_453409148160401_8519158009039822072_n-300x199.jpg 300w\" sizes=\"(max-width: 640px) 100vw, 640px\" \/><\/a><\/p>\n<p><a href=\"http:\/\/www.solv.net.br\/i\/wp-content\/uploads\/2011\/02\/13697072_1168658916555476_3145788031971883582_n.jpg\"><img loading=\"lazy\" class=\"alignnone size-full wp-image-2754\" src=\"http:\/\/www.solv.net.br\/i\/wp-content\/uploads\/2011\/02\/13697072_1168658916555476_3145788031971883582_n.jpg\" alt=\"13697072_1168658916555476_3145788031971883582_n\" width=\"900\" height=\"675\" srcset=\"https:\/\/www.solv.net.br\/i\/wp-content\/uploads\/2011\/02\/13697072_1168658916555476_3145788031971883582_n.jpg 900w, https:\/\/www.solv.net.br\/i\/wp-content\/uploads\/2011\/02\/13697072_1168658916555476_3145788031971883582_n-300x225.jpg 300w\" sizes=\"(max-width: 900px) 100vw, 900px\" \/><\/a> <a href=\"http:\/\/www.solv.net.br\/i\/wp-content\/uploads\/2011\/02\/13697124_1168658826555485_3096335119140383211_n.jpg\"><img loading=\"lazy\" class=\"alignnone size-full wp-image-2755\" src=\"http:\/\/www.solv.net.br\/i\/wp-content\/uploads\/2011\/02\/13697124_1168658826555485_3096335119140383211_n.jpg\" alt=\"13697124_1168658826555485_3096335119140383211_n\" width=\"900\" height=\"675\" srcset=\"https:\/\/www.solv.net.br\/i\/wp-content\/uploads\/2011\/02\/13697124_1168658826555485_3096335119140383211_n.jpg 900w, https:\/\/www.solv.net.br\/i\/wp-content\/uploads\/2011\/02\/13697124_1168658826555485_3096335119140383211_n-300x225.jpg 300w\" sizes=\"(max-width: 900px) 100vw, 900px\" \/><\/a><\/p>\n<p><a href=\"http:\/\/www.solv.net.br\/i\/wp-content\/uploads\/2011\/02\/11351465_453405918160724_6955862724636737037_n1.jpg\"><img loading=\"lazy\" class=\"alignnone size-full wp-image-2581\" src=\"http:\/\/www.solv.net.br\/i\/wp-content\/uploads\/2011\/02\/11351465_453405918160724_6955862724636737037_n1.jpg\" alt=\"11351465_453405918160724_6955862724636737037_n\" width=\"480\" height=\"640\" srcset=\"https:\/\/www.solv.net.br\/i\/wp-content\/uploads\/2011\/02\/11351465_453405918160724_6955862724636737037_n1.jpg 480w, https:\/\/www.solv.net.br\/i\/wp-content\/uploads\/2011\/02\/11351465_453405918160724_6955862724636737037_n1-225x300.jpg 225w\" sizes=\"(max-width: 480px) 100vw, 480px\" \/><\/a><a href=\"http:\/\/www.solv.net.br\/i\/wp-content\/uploads\/2011\/02\/Foto03993.jpg\"><img loading=\"lazy\" class=\"alignnone size-full wp-image-2582\" src=\"http:\/\/www.solv.net.br\/i\/wp-content\/uploads\/2011\/02\/Foto03993.jpg\" alt=\"Foto0399\" width=\"900\" height=\"675\" srcset=\"https:\/\/www.solv.net.br\/i\/wp-content\/uploads\/2011\/02\/Foto03993.jpg 900w, https:\/\/www.solv.net.br\/i\/wp-content\/uploads\/2011\/02\/Foto03993-300x225.jpg 300w\" sizes=\"(max-width: 900px) 100vw, 900px\" \/><\/a><\/p>\n<p>&nbsp;<\/p>\n<p>&nbsp;<\/p>\n<p>&nbsp;<\/p>\n<p><a href=\"http:\/\/www.solv.net.br\/i\/wp-content\/uploads\/2011\/02\/jul2010-0232.jpg\"><img loading=\"lazy\" class=\"alignnone size-full wp-image-2583\" src=\"http:\/\/www.solv.net.br\/i\/wp-content\/uploads\/2011\/02\/jul2010-0232.jpg\" alt=\"jul2010 023\" width=\"900\" height=\"675\" srcset=\"https:\/\/www.solv.net.br\/i\/wp-content\/uploads\/2011\/02\/jul2010-0232.jpg 900w, https:\/\/www.solv.net.br\/i\/wp-content\/uploads\/2011\/02\/jul2010-0232-300x225.jpg 300w\" sizes=\"(max-width: 900px) 100vw, 900px\" \/><\/a><\/p>\n<p>&nbsp;<\/p>\n<p><a href=\"http:\/\/www.solv.net.br\/i\/wp-content\/uploads\/2011\/02\/jul2010-004.jpg\"><img loading=\"lazy\" class=\"alignnone size-full wp-image-2584\" src=\"http:\/\/www.solv.net.br\/i\/wp-content\/uploads\/2011\/02\/jul2010-004.jpg\" alt=\"jul2010 004\" width=\"900\" height=\"675\" srcset=\"https:\/\/www.solv.net.br\/i\/wp-content\/uploads\/2011\/02\/jul2010-004.jpg 900w, https:\/\/www.solv.net.br\/i\/wp-content\/uploads\/2011\/02\/jul2010-004-300x225.jpg 300w\" sizes=\"(max-width: 900px) 100vw, 900px\" \/><\/a><\/p>\n<p><a href=\"http:\/\/www.solv.net.br\/i\/wp-content\/uploads\/2011\/02\/Logo-Branco.jpg\"><img loading=\"lazy\" class=\"alignnone size-full wp-image-2585\" src=\"http:\/\/www.solv.net.br\/i\/wp-content\/uploads\/2011\/02\/Logo-Branco.jpg\" alt=\"Logo Branco\" width=\"900\" height=\"704\" srcset=\"https:\/\/www.solv.net.br\/i\/wp-content\/uploads\/2011\/02\/Logo-Branco.jpg 900w, https:\/\/www.solv.net.br\/i\/wp-content\/uploads\/2011\/02\/Logo-Branco-300x235.jpg 300w\" sizes=\"(max-width: 900px) 100vw, 900px\" \/><\/a><\/p>\n<p>&nbsp;<\/p>\n<p>SOLV CONQUISTA O SEGUNDO LUGAR NA2\u00aa COPA BRASIL SOCO DE CAN\u00c1RIOS DE COR \u2013 2015.<\/p>\n<p>&nbsp;<\/p>\n<p>Foi realizada de 21 a 24 deste m\u00eas de maio na cidade de Chapec\u00f3-SC, a segunda copa Brasil SOCO de Can\u00e1rios de cor de 2015. A sociedade ornitol\u00f3gica de Lagoa Vermelha-SOLV, esteve participando com os criadores e associados: S\u00e9rgio Domingues, Cleocir Chilante,Joso\u00e9 Boeira, e \u00a0Carboneira. A SOLV atrav\u00e9s destes associados conseguiu um brilhante segundo lugar. Dos Associados participantes o Criador S\u00e9rgio Domingues foi o grande campe\u00e3o conquistando o primeiro lugar em efici\u00eancia e ganhando al\u00e9m de trof\u00e9us, medalha e uma anilha de ouro. Cleocir Chilante e Carboneira tamb\u00e9m foram premiados comanilha de ouro.<\/p>\n<p>.<a href=\"http:\/\/www.solv.net.br\/i\/wp-content\/uploads\/2011\/02\/11351465_453405918160724_6955862724636737037_n.jpg\"><img loading=\"lazy\" class=\"alignnone size-medium wp-image-2112\" src=\"http:\/\/www.solv.net.br\/i\/wp-content\/uploads\/2011\/02\/11351465_453405918160724_6955862724636737037_n-225x300.jpg\" alt=\"11351465_453405918160724_6955862724636737037_n\" width=\"225\" height=\"300\" srcset=\"https:\/\/www.solv.net.br\/i\/wp-content\/uploads\/2011\/02\/11351465_453405918160724_6955862724636737037_n-225x300.jpg 225w, https:\/\/www.solv.net.br\/i\/wp-content\/uploads\/2011\/02\/11351465_453405918160724_6955862724636737037_n.jpg 480w\" sizes=\"(max-width: 225px) 100vw, 225px\" \/><\/a><a href=\"http:\/\/www.solv.net.br\/i\/wp-content\/uploads\/2015\/05\/IMG_1878.jpg\"><img loading=\"lazy\" class=\"alignnone size-medium wp-image-2103\" src=\"http:\/\/www.solv.net.br\/i\/wp-content\/uploads\/2015\/05\/IMG_1878-300x225.jpg\" alt=\"IMG_1878\" width=\"300\" height=\"225\" srcset=\"https:\/\/www.solv.net.br\/i\/wp-content\/uploads\/2015\/05\/IMG_1878-300x225.jpg 300w, https:\/\/www.solv.net.br\/i\/wp-content\/uploads\/2015\/05\/IMG_1878.jpg 900w\" sizes=\"(max-width: 300px) 100vw, 300px\" \/><\/a><\/p>\n<p style=\"text-align: justify;\">Foi realizado no dia 9 de junho a etapa municipal da exposi\u00e7\u00e3o de can\u00e1rios belgas,classificat\u00f3ria para o campeonato Estadual e Brasileiro. A XXIV Exposolv teve como grande campe\u00e3o o Chilante canaril.O resultado mais uma vez veio coroar de \u00eaxito um trabalho realizado durante todo o ano.O Can\u00e1rio grande camp\u00e3o foi um Azul recessivo. Esteve julgando a XXIV Exposolv,Vagner Bigliardi, Juiz de Ornitologia da FOB, Federa\u00e7\u00e3o Ornitol\u00f3gica Brasileira. Alem desse can\u00e1rio o Chilante Canaril teve outras aves com pontua\u00e7\u00f5es m\u00e1ximas. ( Confira as fotos do can\u00e1rio Grande Campe\u00e3o 2013)<a href=\"http:\/\/www.solv.net.br\/i\/wp-content\/uploads\/2011\/02\/2013-06-11-09.38.54.jpg\"><img loading=\"lazy\" class=\"alignleft size-medium wp-image-1650\" src=\"http:\/\/www.solv.net.br\/i\/wp-content\/uploads\/2011\/02\/2013-06-11-09.38.54-300x225.jpg\" alt=\"2013-06-11 09.38.54\" width=\"300\" height=\"225\" srcset=\"https:\/\/www.solv.net.br\/i\/wp-content\/uploads\/2011\/02\/2013-06-11-09.38.54-300x225.jpg 300w, https:\/\/www.solv.net.br\/i\/wp-content\/uploads\/2011\/02\/2013-06-11-09.38.54.jpg 900w\" sizes=\"(max-width: 300px) 100vw, 300px\" \/><\/a> <a href=\"http:\/\/www.solv.net.br\/i\/wp-content\/uploads\/2011\/02\/2013-06-11-09.39.431.jpg\"><img loading=\"lazy\" class=\"alignleft size-medium wp-image-1652\" src=\"http:\/\/www.solv.net.br\/i\/wp-content\/uploads\/2011\/02\/2013-06-11-09.39.431-300x225.jpg\" alt=\"2013-06-11 09.39.43\" width=\"300\" height=\"225\" srcset=\"https:\/\/www.solv.net.br\/i\/wp-content\/uploads\/2011\/02\/2013-06-11-09.39.431-300x225.jpg 300w, https:\/\/www.solv.net.br\/i\/wp-content\/uploads\/2011\/02\/2013-06-11-09.39.431.jpg 900w\" sizes=\"(max-width: 300px) 100vw, 300px\" \/><\/a> <a href=\"http:\/\/www.solv.net.br\/i\/wp-content\/uploads\/2011\/02\/2013-06-11-09.39.51.jpg\"><img loading=\"lazy\" class=\"alignleft size-medium wp-image-1653\" src=\"http:\/\/www.solv.net.br\/i\/wp-content\/uploads\/2011\/02\/2013-06-11-09.39.51.jpg\" alt=\"2013-06-11 09.39.51\" width=\"1\" height=\"1\" \/><\/a><a href=\"http:\/\/www.solv.net.br\/i\/wp-content\/uploads\/2011\/02\/2013-06-11-09.39.43.jpg\"><img loading=\"lazy\" class=\"alignleft size-medium wp-image-1651\" src=\"http:\/\/www.solv.net.br\/i\/wp-content\/uploads\/2011\/02\/2013-06-11-09.39.43-300x225.jpg\" alt=\"2013-06-11 09.39.43\" width=\"300\" height=\"225\" srcset=\"https:\/\/www.solv.net.br\/i\/wp-content\/uploads\/2011\/02\/2013-06-11-09.39.43-300x225.jpg 300w, https:\/\/www.solv.net.br\/i\/wp-content\/uploads\/2011\/02\/2013-06-11-09.39.43.jpg 900w\" sizes=\"(max-width: 300px) 100vw, 300px\" \/><\/a><\/p>\n<p>&nbsp;<\/p>\n<p>&nbsp;<\/p>\n<p>&nbsp;<\/p>\n<p>&nbsp;<\/p>\n<p>&nbsp;<\/p>\n<p>&nbsp;<\/p>\n<p>&nbsp;<\/p>\n<p>&nbsp;<\/p>\n<p>&nbsp;<\/p>\n<p>&nbsp;<\/p>\n<p>&nbsp;<\/p>\n<p><strong>Chilanti Canaril \u00e9 Destaque no Brasileiro<\/strong><\/p>\n<p>&nbsp;<\/p>\n<p style=\"text-align: justify;\">Foi realizado de 12 a 16 de julho na cidade de Itatiba-SP, o 61\u00b0 Campeonato Brasileiro de Ornitologia. Lagoa Vermelha esteve participando com o Chilanti Canaril. O Chilante Canaril obteve\u00a0um 5\u00ba lugar\u00a0 na cor AZUL com um canario que somou\u00a0 90 pontos, entre outros can\u00e1rios classificados. O Chilanti Canaril, mais uma vez levou o nome da canaricultura de Lagoa Vermelha para o cen\u00e1rio Nacional.<\/p>\n<p><strong>MAIS\u00a0 UMA GRANDE VIT\u00d3RIA<\/strong><\/p>\n<p>Foi realizado nos dias 7,8,9 e 10, de junho a etapa municipal da exposi\u00e7\u00e3o de can\u00e1rios belgas,classificat\u00f3ria para o campeonato Estadual. A XXIII Exposolv teve como grande campe\u00e3o o nosso canaril.O resultado veio coroar de \u00eaxito um trabalho realizado durante todo o ano, com dois p\u00e1ssaros com 91 pontos e mais 12 com 90 pontos. Esteve julgando a XXIII Exposolv, Ubiratan Alencastro, Juiz de Ornitologia da FOB, Federa\u00e7\u00e3o Ornitol\u00f3gica Brasileira. Foram expostos 400 can\u00e1rios, desses mais de 150 estar\u00e3o representando Lagoa Vermelha no campeonato Estadual e Brasileiro de Ornitologia. Nesses dois campeonatos esperamos representar bem a Ornitologia de nossa cidade.<\/p>\n<p>&nbsp;<\/p>\n<p style=\"text-align: center;\"><strong>\u00a0<a href=\"http:\/\/www.solv.net.br\/i\/criadores\/canaril-chilanti\/logo-chilanti-canaril\/\" rel=\"attachment wp-att-275\"><img loading=\"lazy\" class=\"alignleft size-medium wp-image-275\" title=\"Logo Chilanti Canaril\" src=\"http:\/\/www.solv.net.br\/i\/wp-content\/uploads\/2011\/02\/Logo-Chilanti-Canaril-300x223.jpg\" alt=\"\" width=\"300\" height=\"223\" srcset=\"https:\/\/www.solv.net.br\/i\/wp-content\/uploads\/2011\/02\/Logo-Chilanti-Canaril-300x223.jpg 300w, https:\/\/www.solv.net.br\/i\/wp-content\/uploads\/2011\/02\/Logo-Chilanti-Canaril-150x111.jpg 150w, https:\/\/www.solv.net.br\/i\/wp-content\/uploads\/2011\/02\/Logo-Chilanti-Canaril.jpg 640w\" sizes=\"(max-width: 300px) 100vw, 300px\" \/><\/a><\/strong><\/p>\n<p style=\"text-align: center;\"><strong>\u00a0<\/strong><\/p>\n<p style=\"text-align: center;\"><strong>Cleocir Ant\u00f4nio Chilanti\u00a0<\/strong><\/p>\n<p style=\"text-align: center;\"><strong>Exclusividade em Negros\u00a0Marrons Oxidados sem Fator<\/strong><\/p>\n<p style=\"text-align: center;\"><strong>Todas as Cores<\/strong><\/p>\n<p style=\"text-align: center;\">Sele\u00e7\u00e3o pr\u00f3pria com gen\u00e9tica garimpada nos mais renomados criadores da S\u00e9rie no Brasil.<\/p>\n<p style=\"text-align: center;\">Assis\u00eancia T\u00e9cnica e Veterin\u00e1ria do M\u00e9dico Veterin\u00e1rio S\u00e9rgio Domingues.<\/p>\n<p style=\"text-align: center;\">___________________________________________________________________<\/p>\n<p style=\"text-align: center;\">Rua Jos\u00e9 Bonif\u00e1cio, 242 &#8211; Bairro Alto Pedregal &#8211; Lagoa Vermelha-RS<\/p>\n<p style=\"text-align: center;\">Fone: (54) 3358 &#8211; 3145<\/p>\n<p style=\"text-align: center;\"><strong>\u00a0<\/strong><\/p>\n<p style=\"text-align: center;\"><strong>\u00a0<\/strong><\/p>\n<p>&nbsp;<\/p>\n<p>bSJSBx8<\/p>\n","protected":false},"excerpt":{"rendered":"<p>CHILANTE CANARIL COM NOVAS INSTALA\u00c7\u00d5ES&#8230; &nbsp; O criador e s\u00f3cio da SOLV Cleocir Chilante realizou no dia 13 de agosto, a transfer\u00eancia de suas aves para o novo canaril constru\u00eddo recentemente. Estiveram selecionado os casais de can\u00e1rios o criador e juiz ornitol\u00f3gico GRIPA\u00a0 da cidade de Caxias do Sul,juntamente com\u00a0 o m\u00e9dico veterin\u00e1rio S\u00e9rgio Domingues.&hellip;<\/p>\n","protected":false},"author":2,"featured_media":0,"parent":5,"menu_order":0,"comment_status":"open","ping_status":"closed","template":"","meta":{"_monsterinsights_skip_tracking":false,"_monsterinsights_sitenote_active":false,"_monsterinsights_sitenote_note":"","_monsterinsights_sitenote_category":0},"_links":{"self":[{"href":"https:\/\/www.solv.net.br\/i\/wp-json\/wp\/v2\/pages\/87"}],"collection":[{"href":"https:\/\/www.solv.net.br\/i\/wp-json\/wp\/v2\/pages"}],"about":[{"href":"https:\/\/www.solv.net.br\/i\/wp-json\/wp\/v2\/types\/page"}],"author":[{"embeddable":true,"href":"https:\/\/www.solv.net.br\/i\/wp-json\/wp\/v2\/users\/2"}],"replies":[{"embeddable":true,"href":"https:\/\/www.solv.net.br\/i\/wp-json\/wp\/v2\/comments?post=87"}],"version-history":[{"count":66,"href":"https:\/\/www.solv.net.br\/i\/wp-json\/wp\/v2\/pages\/87\/revisions"}],"predecessor-version":[{"id":2785,"href":"https:\/\/www.solv.net.br\/i\/wp-json\/wp\/v2\/pages\/87\/revisions\/2785"}],"up":[{"embeddable":true,"href":"https:\/\/www.solv.net.br\/i\/wp-json\/wp\/v2\/pages\/5"}],"wp:attachment":[{"href":"https:\/\/www.solv.net.br\/i\/wp-json\/wp\/v2\/media?parent=87"}],"curies":[{"name":"wp","href":"https:\/\/api.w.org\/{rel}","templated":true}]}}