{"id":19,"date":"2010-11-20T18:54:01","date_gmt":"2010-11-20T18:54:01","guid":{"rendered":"http:\/\/solv.herbsoncarvalho.com.br\/?page_id=2"},"modified":"2025-04-25T19:40:05","modified_gmt":"2025-04-25T19:40:05","slug":"sobre-2","status":"publish","type":"page","link":"https:\/\/www.solv.net.br\/i\/sobre-2\/","title":{"rendered":"CONHE\u00c7A A SOLV"},"content":{"rendered":"<h1><a href=\"http:\/\/www.solv.net.br\/i\/wp-content\/uploads\/2010\/11\/digitalizar0007.jpg\"><img loading=\"lazy\" class=\"alignleft size-large wp-image-50\" title=\"digitalizar0007\" src=\"http:\/\/www.solv.net.br\/i\/wp-content\/uploads\/2010\/11\/digitalizar0007-1024x697.jpg\" alt=\"\" width=\"1024\" height=\"697\" srcset=\"https:\/\/www.solv.net.br\/i\/wp-content\/uploads\/2010\/11\/digitalizar0007-1024x697.jpg 1024w, https:\/\/www.solv.net.br\/i\/wp-content\/uploads\/2010\/11\/digitalizar0007-300x204.jpg 300w, https:\/\/www.solv.net.br\/i\/wp-content\/uploads\/2010\/11\/digitalizar0007-150x102.jpg 150w, https:\/\/www.solv.net.br\/i\/wp-content\/uploads\/2010\/11\/digitalizar0007.jpg 1194w\" sizes=\"(max-width: 1024px) 100vw, 1024px\" \/><\/a><\/h1>\n<p>PRIMEIROS SOCIOS\u00a0<strong><a href=\"http:\/\/www.solv.net.br\/i\/wp-content\/uploads\/2010\/11\/Foto0332.jpg\"><img loading=\"lazy\" class=\"alignnone size-full wp-image-2884\" src=\"http:\/\/www.solv.net.br\/i\/wp-content\/uploads\/2010\/11\/Foto0332.jpg\" alt=\"foto0332\" width=\"900\" height=\"675\" srcset=\"https:\/\/www.solv.net.br\/i\/wp-content\/uploads\/2010\/11\/Foto0332.jpg 900w, https:\/\/www.solv.net.br\/i\/wp-content\/uploads\/2010\/11\/Foto0332-300x225.jpg 300w\" sizes=\"(max-width: 900px) 100vw, 900px\" \/><\/a><a href=\"http:\/\/www.solv.net.br\/i\/wp-content\/uploads\/2010\/11\/Foto0344.jpg\"><img loading=\"lazy\" class=\"alignnone size-full wp-image-2885\" src=\"http:\/\/www.solv.net.br\/i\/wp-content\/uploads\/2010\/11\/Foto0344.jpg\" alt=\"foto0344\" width=\"900\" height=\"675\" srcset=\"https:\/\/www.solv.net.br\/i\/wp-content\/uploads\/2010\/11\/Foto0344.jpg 900w, https:\/\/www.solv.net.br\/i\/wp-content\/uploads\/2010\/11\/Foto0344-300x225.jpg 300w\" sizes=\"(max-width: 900px) 100vw, 900px\" \/><\/a><\/strong><\/p>\n<p><strong>\u00a0<\/strong><\/p>\n<p><strong>\u00a0<\/strong><strong>\u00a0<\/strong><strong>\u00a0<\/strong><strong>\u00a0<\/strong><\/p>\n<p><strong>DIRETORIA;<\/strong><\/p>\n<p><strong>Presidente: Joso\u00e9 de Abreu Boeira<\/strong><\/p>\n<p><strong>Vice-Presidente: Cleocir Chilante<\/strong><\/p>\n<p><strong>Secret\u00e1rio Magno Candido de Oliveira<\/strong><\/p>\n<p><strong>Tesoureiro: Clayton Argenta Garcez<\/strong><\/p>\n<p><strong>Diretor de Patrimonio: Paulo Roberto Ribeiro da Silva<\/strong><\/p>\n<p><strong>Diretor Social:Magno Candido de Oliveira<\/strong><\/p>\n<p><strong>\u00a0<\/strong><\/p>\n<p><strong>NOSSA HIST\u00d3RIA<\/strong><\/p>\n<p>Em\u00a09 de outubro,um grupo de pessoas, formado de onze criadores de p\u00e1ssaros e pequenos animais no ano de 1988,resolveu criar uma Sociedade Ornitol\u00f3gica e Pequenos Animais,com a finalidade de facilitar os conhecimentos,os problemas burocr\u00e1ticos e Legais e o interc\u00e2mbio de animais, facilitar a alimenta\u00e7\u00e3o dos planteis.Com o passar do tempo entraram\u00a0 associados, e alguns dos primeiros deixaram de participar,talvez por n\u00e3o terem a voca\u00e7\u00e3o e o talento,o amor com a natureza,para levar adiante,uma cria\u00e7\u00e3o,pois isso s\u00f3 \u00e9 poss\u00edvel,para aqueles que tem muita paci\u00eancia e persist\u00eancia para ter sucesso neste empreendimento.<\/p>\n<p>A fam\u00edlia da SOLV cresceu, e consequentemente a qualidade dos animas, os conhecimentos t\u00e9cnicos e cient\u00edficos das caracter\u00edsticas particulares que cada esp\u00e9cie apresenta. Os investimentos materiais foram grandes,assim como os gen\u00e9ticos,continuaram acontecendo. Atualmente entendemos que estamos chegando ao n\u00edvel das maiores Sociedade Ornitol\u00f3gica do Estado do Rio Grande do Sul e de parte do Brasil.<\/p>\n<p>Uma vez por m\u00eas, aos s\u00e1bados \u00e1 tarde, sem compromisso a fam\u00edlia SOLV (associados), re\u00fane-se em sua sede, na \u00e1rea Industrial, na rua Vital Zambotto, para uma rodada de chimarr\u00e3o e um almo\u00e7o de confraterniza\u00e7\u00e3o, onde os assuntos ornitol\u00f3gicos s\u00e3o colocados em dia. A SOLV nos dias de hoje, conta com sede pr\u00f3pria \u00a0e com um quadro de associados das diversas cidades da regi\u00e3o Nordeste do Estado entre elas est\u00e3o Lagoa Vermelha, Sananduva, Tapejara, Passo Fundo, Ibiraiaras e Vacaria.<\/p>\n<p>A Exposi\u00e7\u00e3o oficial da SOLV acontece sempre no final do m\u00eas de maio de cada ano, fazendo parte do calend\u00e1rio de eventos do munic\u00edpio. A Sociedade Ornitol\u00f3gica de Lagoa Vermelha \u00e9 filiada a FOB &#8211; Federa\u00e7\u00e3o Ornitol\u00f3gica Brasileira, na FOG- Federa\u00e7\u00e3o Ornitol\u00f3gica Ga\u00facha \u00a0e junto ao IBAMA. Seu Atual Presidente \u00e9 o Associado JOSOE DE ABREU BOEIRA<\/p>\n<p><strong>SOLV \u2013 Sociedade Ornitol\u00f3gica de Lagoa Vermelha- <\/strong><br \/>Rua Vital Zambotto 95\u2013Area Industrial 3 \u2013 Cx. Postal 25<br \/>CEP: 95300-000 \u2013 Lagoa Vermelha \u2013 RS-<br \/>Tel: 54 999669941-\u00a0 MAGNO CANDIDO DE OLIVEIRA<br \/><strong>C\u00f3d. do Anel \u2013 LL<\/strong><\/p>\n\n\n<figure class=\"wp-container-2 wp-block-gallery-1 wp-block-gallery has-nested-images columns-default is-cropped\">\n<figure class=\"wp-block-image size-large\"><img loading=\"lazy\" width=\"900\" height=\"675\" data-id=\"4378\"  src=\"http:\/\/www.solv.net.br\/i\/wp-content\/uploads\/2024\/10\/IMG-20241014-WA0004.jpg\" alt=\"\" class=\"wp-image-4378\" srcset=\"https:\/\/www.solv.net.br\/i\/wp-content\/uploads\/2024\/10\/IMG-20241014-WA0004.jpg 900w, https:\/\/www.solv.net.br\/i\/wp-content\/uploads\/2024\/10\/IMG-20241014-WA0004-300x225.jpg 300w, https:\/\/www.solv.net.br\/i\/wp-content\/uploads\/2024\/10\/IMG-20241014-WA0004-768x576.jpg 768w, https:\/\/www.solv.net.br\/i\/wp-content\/uploads\/2024\/10\/IMG-20241014-WA0004-150x113.jpg 150w\" sizes=\"(max-width: 900px) 100vw, 900px\" \/><\/figure>\n\n\n\n<figure class=\"wp-block-image size-large\"><img loading=\"lazy\" width=\"900\" height=\"675\" data-id=\"4377\"  src=\"http:\/\/www.solv.net.br\/i\/wp-content\/uploads\/2024\/10\/IMG-20241014-WA0003.jpg\" alt=\"\" class=\"wp-image-4377\" srcset=\"https:\/\/www.solv.net.br\/i\/wp-content\/uploads\/2024\/10\/IMG-20241014-WA0003.jpg 900w, https:\/\/www.solv.net.br\/i\/wp-content\/uploads\/2024\/10\/IMG-20241014-WA0003-300x225.jpg 300w, https:\/\/www.solv.net.br\/i\/wp-content\/uploads\/2024\/10\/IMG-20241014-WA0003-768x576.jpg 768w, https:\/\/www.solv.net.br\/i\/wp-content\/uploads\/2024\/10\/IMG-20241014-WA0003-150x113.jpg 150w\" sizes=\"(max-width: 900px) 100vw, 900px\" \/><\/figure>\n\n\n\n<figure class=\"wp-block-image size-large\"><img loading=\"lazy\" width=\"900\" height=\"675\" data-id=\"4376\"  src=\"http:\/\/www.solv.net.br\/i\/wp-content\/uploads\/2024\/10\/IMG-20241011-WA0017.jpg\" alt=\"\" class=\"wp-image-4376\" srcset=\"https:\/\/www.solv.net.br\/i\/wp-content\/uploads\/2024\/10\/IMG-20241011-WA0017.jpg 900w, https:\/\/www.solv.net.br\/i\/wp-content\/uploads\/2024\/10\/IMG-20241011-WA0017-300x225.jpg 300w, https:\/\/www.solv.net.br\/i\/wp-content\/uploads\/2024\/10\/IMG-20241011-WA0017-768x576.jpg 768w, https:\/\/www.solv.net.br\/i\/wp-content\/uploads\/2024\/10\/IMG-20241011-WA0017-150x113.jpg 150w\" sizes=\"(max-width: 900px) 100vw, 900px\" \/><\/figure>\n\n\n\n<figure class=\"wp-block-image size-large\"><img loading=\"lazy\" width=\"900\" height=\"675\" data-id=\"4375\"  src=\"http:\/\/www.solv.net.br\/i\/wp-content\/uploads\/2024\/10\/IMG-20241011-WA0016.jpg\" alt=\"\" class=\"wp-image-4375\" srcset=\"https:\/\/www.solv.net.br\/i\/wp-content\/uploads\/2024\/10\/IMG-20241011-WA0016.jpg 900w, https:\/\/www.solv.net.br\/i\/wp-content\/uploads\/2024\/10\/IMG-20241011-WA0016-300x225.jpg 300w, https:\/\/www.solv.net.br\/i\/wp-content\/uploads\/2024\/10\/IMG-20241011-WA0016-768x576.jpg 768w, https:\/\/www.solv.net.br\/i\/wp-content\/uploads\/2024\/10\/IMG-20241011-WA0016-150x113.jpg 150w\" sizes=\"(max-width: 900px) 100vw, 900px\" \/><\/figure>\n\n\n\n<figure class=\"wp-block-image size-large\"><img loading=\"lazy\" width=\"900\" height=\"675\" data-id=\"4374\"  src=\"http:\/\/www.solv.net.br\/i\/wp-content\/uploads\/2024\/10\/IMG-20241011-WA0015.jpg\" alt=\"\" class=\"wp-image-4374\" srcset=\"https:\/\/www.solv.net.br\/i\/wp-content\/uploads\/2024\/10\/IMG-20241011-WA0015.jpg 900w, https:\/\/www.solv.net.br\/i\/wp-content\/uploads\/2024\/10\/IMG-20241011-WA0015-300x225.jpg 300w, https:\/\/www.solv.net.br\/i\/wp-content\/uploads\/2024\/10\/IMG-20241011-WA0015-768x576.jpg 768w, https:\/\/www.solv.net.br\/i\/wp-content\/uploads\/2024\/10\/IMG-20241011-WA0015-150x113.jpg 150w\" sizes=\"(max-width: 900px) 100vw, 900px\" \/><\/figure>\n\n\n\n<figure class=\"wp-block-image size-large\"><img loading=\"lazy\" width=\"900\" height=\"675\" data-id=\"4373\"  src=\"http:\/\/www.solv.net.br\/i\/wp-content\/uploads\/2024\/10\/IMG-20241011-WA0014.jpg\" alt=\"\" class=\"wp-image-4373\" srcset=\"https:\/\/www.solv.net.br\/i\/wp-content\/uploads\/2024\/10\/IMG-20241011-WA0014.jpg 900w, https:\/\/www.solv.net.br\/i\/wp-content\/uploads\/2024\/10\/IMG-20241011-WA0014-300x225.jpg 300w, https:\/\/www.solv.net.br\/i\/wp-content\/uploads\/2024\/10\/IMG-20241011-WA0014-768x576.jpg 768w, https:\/\/www.solv.net.br\/i\/wp-content\/uploads\/2024\/10\/IMG-20241011-WA0014-150x113.jpg 150w\" sizes=\"(max-width: 900px) 100vw, 900px\" \/><\/figure>\n\n\n\n<figure class=\"wp-block-image size-large\"><img loading=\"lazy\" width=\"900\" height=\"675\" data-id=\"4372\"  src=\"http:\/\/www.solv.net.br\/i\/wp-content\/uploads\/2024\/10\/IMG-20241011-WA0011.jpg\" alt=\"\" class=\"wp-image-4372\" srcset=\"https:\/\/www.solv.net.br\/i\/wp-content\/uploads\/2024\/10\/IMG-20241011-WA0011.jpg 900w, https:\/\/www.solv.net.br\/i\/wp-content\/uploads\/2024\/10\/IMG-20241011-WA0011-300x225.jpg 300w, https:\/\/www.solv.net.br\/i\/wp-content\/uploads\/2024\/10\/IMG-20241011-WA0011-768x576.jpg 768w, https:\/\/www.solv.net.br\/i\/wp-content\/uploads\/2024\/10\/IMG-20241011-WA0011-150x113.jpg 150w\" sizes=\"(max-width: 900px) 100vw, 900px\" \/><\/figure>\n\n\n\n<figure class=\"wp-block-image size-large\"><img loading=\"lazy\" width=\"900\" height=\"675\" data-id=\"4371\"  src=\"http:\/\/www.solv.net.br\/i\/wp-content\/uploads\/2024\/10\/IMG-20241011-WA0005.jpg\" alt=\"\" class=\"wp-image-4371\" srcset=\"https:\/\/www.solv.net.br\/i\/wp-content\/uploads\/2024\/10\/IMG-20241011-WA0005.jpg 900w, https:\/\/www.solv.net.br\/i\/wp-content\/uploads\/2024\/10\/IMG-20241011-WA0005-300x225.jpg 300w, https:\/\/www.solv.net.br\/i\/wp-content\/uploads\/2024\/10\/IMG-20241011-WA0005-768x576.jpg 768w, https:\/\/www.solv.net.br\/i\/wp-content\/uploads\/2024\/10\/IMG-20241011-WA0005-150x113.jpg 150w\" sizes=\"(max-width: 900px) 100vw, 900px\" \/><\/figure>\n\n\n\n<figure class=\"wp-block-image size-large\"><img loading=\"lazy\" width=\"900\" height=\"675\" data-id=\"4370\"  src=\"http:\/\/www.solv.net.br\/i\/wp-content\/uploads\/2024\/10\/IMG-20241011-WA0002.jpg\" alt=\"\" class=\"wp-image-4370\" srcset=\"https:\/\/www.solv.net.br\/i\/wp-content\/uploads\/2024\/10\/IMG-20241011-WA0002.jpg 900w, https:\/\/www.solv.net.br\/i\/wp-content\/uploads\/2024\/10\/IMG-20241011-WA0002-300x225.jpg 300w, https:\/\/www.solv.net.br\/i\/wp-content\/uploads\/2024\/10\/IMG-20241011-WA0002-768x576.jpg 768w, https:\/\/www.solv.net.br\/i\/wp-content\/uploads\/2024\/10\/IMG-20241011-WA0002-150x113.jpg 150w\" sizes=\"(max-width: 900px) 100vw, 900px\" \/><\/figure>\n\n\n\n<figure class=\"wp-block-image size-large\"><img loading=\"lazy\" width=\"900\" height=\"675\" data-id=\"4369\"  src=\"http:\/\/www.solv.net.br\/i\/wp-content\/uploads\/2024\/10\/IMG-20240927-WA0024.jpg\" alt=\"\" class=\"wp-image-4369\" srcset=\"https:\/\/www.solv.net.br\/i\/wp-content\/uploads\/2024\/10\/IMG-20240927-WA0024.jpg 900w, https:\/\/www.solv.net.br\/i\/wp-content\/uploads\/2024\/10\/IMG-20240927-WA0024-300x225.jpg 300w, https:\/\/www.solv.net.br\/i\/wp-content\/uploads\/2024\/10\/IMG-20240927-WA0024-768x576.jpg 768w, https:\/\/www.solv.net.br\/i\/wp-content\/uploads\/2024\/10\/IMG-20240927-WA0024-150x113.jpg 150w\" sizes=\"(max-width: 900px) 100vw, 900px\" \/><\/figure>\n\n\n\n<figure class=\"wp-block-image size-large\"><img loading=\"lazy\" width=\"900\" height=\"675\" data-id=\"4368\"  src=\"http:\/\/www.solv.net.br\/i\/wp-content\/uploads\/2024\/10\/IMG-20240927-WA0022.jpg\" alt=\"\" class=\"wp-image-4368\" srcset=\"https:\/\/www.solv.net.br\/i\/wp-content\/uploads\/2024\/10\/IMG-20240927-WA0022.jpg 900w, https:\/\/www.solv.net.br\/i\/wp-content\/uploads\/2024\/10\/IMG-20240927-WA0022-300x225.jpg 300w, https:\/\/www.solv.net.br\/i\/wp-content\/uploads\/2024\/10\/IMG-20240927-WA0022-768x576.jpg 768w, https:\/\/www.solv.net.br\/i\/wp-content\/uploads\/2024\/10\/IMG-20240927-WA0022-150x113.jpg 150w\" sizes=\"(max-width: 900px) 100vw, 900px\" \/><\/figure>\n\n\n\n<figure class=\"wp-block-image size-large\"><img loading=\"lazy\" width=\"900\" height=\"675\" data-id=\"4367\"  src=\"http:\/\/www.solv.net.br\/i\/wp-content\/uploads\/2024\/10\/IMG-20240927-WA0017.jpg\" alt=\"\" class=\"wp-image-4367\" srcset=\"https:\/\/www.solv.net.br\/i\/wp-content\/uploads\/2024\/10\/IMG-20240927-WA0017.jpg 900w, https:\/\/www.solv.net.br\/i\/wp-content\/uploads\/2024\/10\/IMG-20240927-WA0017-300x225.jpg 300w, https:\/\/www.solv.net.br\/i\/wp-content\/uploads\/2024\/10\/IMG-20240927-WA0017-768x576.jpg 768w, https:\/\/www.solv.net.br\/i\/wp-content\/uploads\/2024\/10\/IMG-20240927-WA0017-150x113.jpg 150w\" sizes=\"(max-width: 900px) 100vw, 900px\" \/><\/figure>\n\n\n\n<figure class=\"wp-block-image size-large\"><img loading=\"lazy\" width=\"900\" height=\"675\" data-id=\"4366\"  src=\"http:\/\/www.solv.net.br\/i\/wp-content\/uploads\/2024\/10\/IMG-20240927-WA0016.jpg\" alt=\"\" class=\"wp-image-4366\" srcset=\"https:\/\/www.solv.net.br\/i\/wp-content\/uploads\/2024\/10\/IMG-20240927-WA0016.jpg 900w, https:\/\/www.solv.net.br\/i\/wp-content\/uploads\/2024\/10\/IMG-20240927-WA0016-300x225.jpg 300w, https:\/\/www.solv.net.br\/i\/wp-content\/uploads\/2024\/10\/IMG-20240927-WA0016-768x576.jpg 768w, https:\/\/www.solv.net.br\/i\/wp-content\/uploads\/2024\/10\/IMG-20240927-WA0016-150x113.jpg 150w\" sizes=\"(max-width: 900px) 100vw, 900px\" \/><\/figure>\n\n\n\n<figure class=\"wp-block-image size-large\"><img loading=\"lazy\" width=\"675\" height=\"900\" data-id=\"4365\"  src=\"http:\/\/www.solv.net.br\/i\/wp-content\/uploads\/2024\/10\/IMG-20240926-WA0003.jpg\" alt=\"\" class=\"wp-image-4365\" srcset=\"https:\/\/www.solv.net.br\/i\/wp-content\/uploads\/2024\/10\/IMG-20240926-WA0003.jpg 675w, https:\/\/www.solv.net.br\/i\/wp-content\/uploads\/2024\/10\/IMG-20240926-WA0003-225x300.jpg 225w, https:\/\/www.solv.net.br\/i\/wp-content\/uploads\/2024\/10\/IMG-20240926-WA0003-113x150.jpg 113w\" sizes=\"(max-width: 675px) 100vw, 675px\" \/><\/figure>\n\n\n\n<figure class=\"wp-block-image size-large\"><img loading=\"lazy\" width=\"675\" height=\"900\" data-id=\"4364\"  src=\"http:\/\/www.solv.net.br\/i\/wp-content\/uploads\/2024\/10\/IMG-20240926-WA0002.jpg\" alt=\"\" class=\"wp-image-4364\" srcset=\"https:\/\/www.solv.net.br\/i\/wp-content\/uploads\/2024\/10\/IMG-20240926-WA0002.jpg 675w, https:\/\/www.solv.net.br\/i\/wp-content\/uploads\/2024\/10\/IMG-20240926-WA0002-225x300.jpg 225w, https:\/\/www.solv.net.br\/i\/wp-content\/uploads\/2024\/10\/IMG-20240926-WA0002-113x150.jpg 113w\" sizes=\"(max-width: 675px) 100vw, 675px\" \/><\/figure>\n\n\n\n<figure class=\"wp-block-image size-large\"><img loading=\"lazy\" width=\"900\" height=\"675\" data-id=\"4363\"  src=\"http:\/\/www.solv.net.br\/i\/wp-content\/uploads\/2024\/10\/IMG-20240926-WA0001.jpg\" alt=\"\" class=\"wp-image-4363\" srcset=\"https:\/\/www.solv.net.br\/i\/wp-content\/uploads\/2024\/10\/IMG-20240926-WA0001.jpg 900w, https:\/\/www.solv.net.br\/i\/wp-content\/uploads\/2024\/10\/IMG-20240926-WA0001-300x225.jpg 300w, https:\/\/www.solv.net.br\/i\/wp-content\/uploads\/2024\/10\/IMG-20240926-WA0001-768x576.jpg 768w, https:\/\/www.solv.net.br\/i\/wp-content\/uploads\/2024\/10\/IMG-20240926-WA0001-150x113.jpg 150w\" sizes=\"(max-width: 900px) 100vw, 900px\" \/><\/figure>\n\n\n\n<figure class=\"wp-block-image size-large\"><img loading=\"lazy\" width=\"900\" height=\"675\" data-id=\"4362\"  src=\"http:\/\/www.solv.net.br\/i\/wp-content\/uploads\/2024\/10\/IMG-20240923-WA0006.jpg\" alt=\"\" class=\"wp-image-4362\" srcset=\"https:\/\/www.solv.net.br\/i\/wp-content\/uploads\/2024\/10\/IMG-20240923-WA0006.jpg 900w, https:\/\/www.solv.net.br\/i\/wp-content\/uploads\/2024\/10\/IMG-20240923-WA0006-300x225.jpg 300w, https:\/\/www.solv.net.br\/i\/wp-content\/uploads\/2024\/10\/IMG-20240923-WA0006-768x576.jpg 768w, https:\/\/www.solv.net.br\/i\/wp-content\/uploads\/2024\/10\/IMG-20240923-WA0006-150x113.jpg 150w\" sizes=\"(max-width: 900px) 100vw, 900px\" \/><\/figure>\n\n\n\n<figure class=\"wp-block-image size-large\"><img loading=\"lazy\" width=\"900\" height=\"675\" data-id=\"4361\"  src=\"http:\/\/www.solv.net.br\/i\/wp-content\/uploads\/2024\/10\/IMG-20240923-WA0005.jpg\" alt=\"\" class=\"wp-image-4361\" srcset=\"https:\/\/www.solv.net.br\/i\/wp-content\/uploads\/2024\/10\/IMG-20240923-WA0005.jpg 900w, https:\/\/www.solv.net.br\/i\/wp-content\/uploads\/2024\/10\/IMG-20240923-WA0005-300x225.jpg 300w, https:\/\/www.solv.net.br\/i\/wp-content\/uploads\/2024\/10\/IMG-20240923-WA0005-768x576.jpg 768w, https:\/\/www.solv.net.br\/i\/wp-content\/uploads\/2024\/10\/IMG-20240923-WA0005-150x113.jpg 150w\" sizes=\"(max-width: 900px) 100vw, 900px\" \/><\/figure>\n\n\n\n<figure class=\"wp-block-image size-large\"><img loading=\"lazy\" width=\"900\" height=\"675\" data-id=\"4360\"  src=\"http:\/\/www.solv.net.br\/i\/wp-content\/uploads\/2024\/10\/IMG-20240923-WA0004.jpg\" alt=\"\" class=\"wp-image-4360\" srcset=\"https:\/\/www.solv.net.br\/i\/wp-content\/uploads\/2024\/10\/IMG-20240923-WA0004.jpg 900w, https:\/\/www.solv.net.br\/i\/wp-content\/uploads\/2024\/10\/IMG-20240923-WA0004-300x225.jpg 300w, https:\/\/www.solv.net.br\/i\/wp-content\/uploads\/2024\/10\/IMG-20240923-WA0004-768x576.jpg 768w, https:\/\/www.solv.net.br\/i\/wp-content\/uploads\/2024\/10\/IMG-20240923-WA0004-150x113.jpg 150w\" sizes=\"(max-width: 900px) 100vw, 900px\" \/><\/figure>\n\n\n\n<figure class=\"wp-block-image size-large\"><img loading=\"lazy\" width=\"900\" height=\"675\" data-id=\"4359\"  src=\"http:\/\/www.solv.net.br\/i\/wp-content\/uploads\/2024\/10\/IMG-20240921-WA0007.jpg\" alt=\"\" class=\"wp-image-4359\" srcset=\"https:\/\/www.solv.net.br\/i\/wp-content\/uploads\/2024\/10\/IMG-20240921-WA0007.jpg 900w, https:\/\/www.solv.net.br\/i\/wp-content\/uploads\/2024\/10\/IMG-20240921-WA0007-300x225.jpg 300w, https:\/\/www.solv.net.br\/i\/wp-content\/uploads\/2024\/10\/IMG-20240921-WA0007-768x576.jpg 768w, https:\/\/www.solv.net.br\/i\/wp-content\/uploads\/2024\/10\/IMG-20240921-WA0007-150x113.jpg 150w\" sizes=\"(max-width: 900px) 100vw, 900px\" \/><\/figure>\n\n\n\n<figure class=\"wp-block-image size-large\"><img loading=\"lazy\" width=\"900\" height=\"675\" data-id=\"4358\"  src=\"http:\/\/www.solv.net.br\/i\/wp-content\/uploads\/2024\/10\/IMG-20240921-WA0006.jpg\" alt=\"\" class=\"wp-image-4358\" srcset=\"https:\/\/www.solv.net.br\/i\/wp-content\/uploads\/2024\/10\/IMG-20240921-WA0006.jpg 900w, https:\/\/www.solv.net.br\/i\/wp-content\/uploads\/2024\/10\/IMG-20240921-WA0006-300x225.jpg 300w, https:\/\/www.solv.net.br\/i\/wp-content\/uploads\/2024\/10\/IMG-20240921-WA0006-768x576.jpg 768w, https:\/\/www.solv.net.br\/i\/wp-content\/uploads\/2024\/10\/IMG-20240921-WA0006-150x113.jpg 150w\" sizes=\"(max-width: 900px) 100vw, 900px\" \/><\/figure>\n\n\n\n<figure class=\"wp-block-image size-large\"><img loading=\"lazy\" width=\"900\" height=\"675\" data-id=\"4357\"  src=\"http:\/\/www.solv.net.br\/i\/wp-content\/uploads\/2024\/10\/IMG-20240921-WA0003.jpg\" alt=\"\" class=\"wp-image-4357\" srcset=\"https:\/\/www.solv.net.br\/i\/wp-content\/uploads\/2024\/10\/IMG-20240921-WA0003.jpg 900w, https:\/\/www.solv.net.br\/i\/wp-content\/uploads\/2024\/10\/IMG-20240921-WA0003-300x225.jpg 300w, https:\/\/www.solv.net.br\/i\/wp-content\/uploads\/2024\/10\/IMG-20240921-WA0003-768x576.jpg 768w, https:\/\/www.solv.net.br\/i\/wp-content\/uploads\/2024\/10\/IMG-20240921-WA0003-150x113.jpg 150w\" sizes=\"(max-width: 900px) 100vw, 900px\" \/><\/figure>\n\n\n\n<figure class=\"wp-block-image size-large\"><img loading=\"lazy\" width=\"640\" height=\"480\" data-id=\"4348\"  src=\"http:\/\/www.solv.net.br\/i\/wp-content\/uploads\/2024\/05\/IMG_20200626_130306331.jpg\" alt=\"\" class=\"wp-image-4348\" srcset=\"https:\/\/www.solv.net.br\/i\/wp-content\/uploads\/2024\/05\/IMG_20200626_130306331.jpg 640w, https:\/\/www.solv.net.br\/i\/wp-content\/uploads\/2024\/05\/IMG_20200626_130306331-300x225.jpg 300w, https:\/\/www.solv.net.br\/i\/wp-content\/uploads\/2024\/05\/IMG_20200626_130306331-150x113.jpg 150w\" sizes=\"(max-width: 640px) 100vw, 640px\" \/><\/figure>\n\n\n\n<figure class=\"wp-block-image size-large\"><img loading=\"lazy\" width=\"640\" height=\"480\" data-id=\"4347\"  src=\"http:\/\/www.solv.net.br\/i\/wp-content\/uploads\/2024\/05\/IMG_20200626_131042864.jpg\" alt=\"\" class=\"wp-image-4347\" srcset=\"https:\/\/www.solv.net.br\/i\/wp-content\/uploads\/2024\/05\/IMG_20200626_131042864.jpg 640w, https:\/\/www.solv.net.br\/i\/wp-content\/uploads\/2024\/05\/IMG_20200626_131042864-300x225.jpg 300w, https:\/\/www.solv.net.br\/i\/wp-content\/uploads\/2024\/05\/IMG_20200626_131042864-150x113.jpg 150w\" sizes=\"(max-width: 640px) 100vw, 640px\" \/><\/figure>\n\n\n\n<figure class=\"wp-block-image size-large\"><img loading=\"lazy\" width=\"640\" height=\"360\" data-id=\"4346\"  src=\"http:\/\/www.solv.net.br\/i\/wp-content\/uploads\/2024\/05\/IMG-20200901-WA0009.jpg\" alt=\"\" class=\"wp-image-4346\" srcset=\"https:\/\/www.solv.net.br\/i\/wp-content\/uploads\/2024\/05\/IMG-20200901-WA0009.jpg 640w, https:\/\/www.solv.net.br\/i\/wp-content\/uploads\/2024\/05\/IMG-20200901-WA0009-300x169.jpg 300w, https:\/\/www.solv.net.br\/i\/wp-content\/uploads\/2024\/05\/IMG-20200901-WA0009-150x84.jpg 150w\" sizes=\"(max-width: 640px) 100vw, 640px\" \/><\/figure>\n\n\n\n<figure class=\"wp-block-image size-large\"><img loading=\"lazy\" width=\"640\" height=\"360\" data-id=\"4345\"  src=\"http:\/\/www.solv.net.br\/i\/wp-content\/uploads\/2024\/05\/IMG-20200801-WA0003.jpg\" alt=\"\" class=\"wp-image-4345\" srcset=\"https:\/\/www.solv.net.br\/i\/wp-content\/uploads\/2024\/05\/IMG-20200801-WA0003.jpg 640w, https:\/\/www.solv.net.br\/i\/wp-content\/uploads\/2024\/05\/IMG-20200801-WA0003-300x169.jpg 300w, https:\/\/www.solv.net.br\/i\/wp-content\/uploads\/2024\/05\/IMG-20200801-WA0003-150x84.jpg 150w\" sizes=\"(max-width: 640px) 100vw, 640px\" \/><\/figure>\n\n\n\n<figure class=\"wp-block-image size-large\"><img loading=\"lazy\" width=\"640\" height=\"360\" data-id=\"4344\"  src=\"http:\/\/www.solv.net.br\/i\/wp-content\/uploads\/2024\/05\/IMG-20200801-WA0002.jpg\" alt=\"\" class=\"wp-image-4344\" srcset=\"https:\/\/www.solv.net.br\/i\/wp-content\/uploads\/2024\/05\/IMG-20200801-WA0002.jpg 640w, https:\/\/www.solv.net.br\/i\/wp-content\/uploads\/2024\/05\/IMG-20200801-WA0002-300x169.jpg 300w, https:\/\/www.solv.net.br\/i\/wp-content\/uploads\/2024\/05\/IMG-20200801-WA0002-150x84.jpg 150w\" sizes=\"(max-width: 640px) 100vw, 640px\" \/><\/figure>\n<\/figure>\n\n\n\n<figure class=\"wp-container-4 wp-block-gallery-3 wp-block-gallery has-nested-images columns-default is-cropped\"><\/figure>\n\n\n\n<figure class=\"wp-container-6 wp-block-gallery-5 wp-block-gallery has-nested-images columns-default is-cropped\"><\/figure>\n\n\n\n<figure class=\"wp-container-8 wp-block-gallery-7 wp-block-gallery has-nested-images columns-default is-cropped\"><\/figure>\n\n\n\n<figure class=\"wp-container-10 wp-block-gallery-9 wp-block-gallery has-nested-images columns-default is-cropped\"><\/figure>\n\n\n","protected":false},"excerpt":{"rendered":"<p>PRIMEIROS SOCIOS\u00a0 \u00a0 \u00a0\u00a0\u00a0\u00a0 DIRETORIA; Presidente: Joso\u00e9 de Abreu Boeira Vice-Presidente: Cleocir Chilante Secret\u00e1rio Magno Candido de Oliveira Tesoureiro: Clayton Argenta Garcez Diretor de Patrimonio: Paulo Roberto Ribeiro da Silva Diretor Social:Magno Candido de Oliveira \u00a0 NOSSA HIST\u00d3RIA Em\u00a09 de outubro,um grupo de pessoas, formado de onze criadores de p\u00e1ssaros e pequenos animais no ano&hellip;<\/p>\n","protected":false},"author":1,"featured_media":0,"parent":0,"menu_order":0,"comment_status":"closed","ping_status":"closed","template":"","meta":{"_monsterinsights_skip_tracking":false,"_monsterinsights_sitenote_active":false,"_monsterinsights_sitenote_note":"","_monsterinsights_sitenote_category":0},"_links":{"self":[{"href":"https:\/\/www.solv.net.br\/i\/wp-json\/wp\/v2\/pages\/19"}],"collection":[{"href":"https:\/\/www.solv.net.br\/i\/wp-json\/wp\/v2\/pages"}],"about":[{"href":"https:\/\/www.solv.net.br\/i\/wp-json\/wp\/v2\/types\/page"}],"author":[{"embeddable":true,"href":"https:\/\/www.solv.net.br\/i\/wp-json\/wp\/v2\/users\/1"}],"replies":[{"embeddable":true,"href":"https:\/\/www.solv.net.br\/i\/wp-json\/wp\/v2\/comments?post=19"}],"version-history":[{"count":22,"href":"https:\/\/www.solv.net.br\/i\/wp-json\/wp\/v2\/pages\/19\/revisions"}],"predecessor-version":[{"id":4393,"href":"https:\/\/www.solv.net.br\/i\/wp-json\/wp\/v2\/pages\/19\/revisions\/4393"}],"wp:attachment":[{"href":"https:\/\/www.solv.net.br\/i\/wp-json\/wp\/v2\/media?parent=19"}],"curies":[{"name":"wp","href":"https:\/\/api.w.org\/{rel}","templated":true}]}}