{"id":10,"date":"2010-11-20T17:51:17","date_gmt":"2010-11-20T17:51:17","guid":{"rendered":"http:\/\/solv.herbsoncarvalho.com.br\/"},"modified":"2016-05-14T00:33:58","modified_gmt":"2016-05-14T00:33:58","slug":"magno-candido","status":"publish","type":"page","link":"https:\/\/www.solv.net.br\/i\/criadores\/magno-candido\/","title":{"rendered":"CRIADOURO  MCC-Magno C\u00e2ndido"},"content":{"rendered":"<p>&nbsp;<\/p>\n<p>&nbsp;<\/p>\n<p>&nbsp;<\/p>\n<p><a href=\"http:\/\/www.solv.net.br\/i\/criadores\/magno-candido\/logo-mcc-3\/\" rel=\"attachment wp-att-361\"><img class=\"alignleft size-full wp-image-361\" title=\"LOGO MCC\" src=\"http:\/\/www.solv.net.br\/i\/wp-content\/uploads\/2010\/11\/LOGO-MCC1.bmp\" alt=\"\" \/><\/a><\/p>\n<p>O Criadouro MCC de Magno Candido de Oliveira \u00e9 filiado a SOLV desde o inicio de sua funda\u00e7\u00e3o. No inicio tinha como principais p\u00e1ssaros a cria\u00e7\u00e3o de Periquitos Australianos,mais tarde foi mesclado com p\u00e1ssaros exoticos e atualmente \u00a0voltou a ser composto por periquitos Andulados Australianos -sangue Ingl\u00eas.<\/p>\n<p><a href=\"http:\/\/www.solv.net.br\/i\/wp-content\/uploads\/2010\/11\/Fotos-Lagoa-FM-01-Fotos-Lagoa-FM-v21.0.jpg\"><img loading=\"lazy\" class=\"alignnone size-full wp-image-2501\" src=\"http:\/\/www.solv.net.br\/i\/wp-content\/uploads\/2010\/11\/Fotos-Lagoa-FM-01-Fotos-Lagoa-FM-v21.0.jpg\" alt=\"Fotos Lagoa FM - 01-Fotos Lagoa FM v2[1].0\" width=\"328\" height=\"436\" srcset=\"https:\/\/www.solv.net.br\/i\/wp-content\/uploads\/2010\/11\/Fotos-Lagoa-FM-01-Fotos-Lagoa-FM-v21.0.jpg 328w, https:\/\/www.solv.net.br\/i\/wp-content\/uploads\/2010\/11\/Fotos-Lagoa-FM-01-Fotos-Lagoa-FM-v21.0-226x300.jpg 226w\" sizes=\"(max-width: 328px) 100vw, 328px\" \/><\/a><\/p>\n<p>&nbsp;<\/p>\n<p><strong>CASAIS DE PERIQUITOS AUSTRALIANOS<\/strong><\/p>\n<p><strong><a href=\"http:\/\/www.solv.net.br\/i\/wp-content\/uploads\/2010\/11\/2015-04-14-07.44.13.jpg\"><img loading=\"lazy\" class=\"alignnone size-full wp-image-2502\" src=\"http:\/\/www.solv.net.br\/i\/wp-content\/uploads\/2010\/11\/2015-04-14-07.44.13.jpg\" alt=\"2015-04-14 07.44.13\" width=\"619\" height=\"862\" srcset=\"https:\/\/www.solv.net.br\/i\/wp-content\/uploads\/2010\/11\/2015-04-14-07.44.13.jpg 619w, https:\/\/www.solv.net.br\/i\/wp-content\/uploads\/2010\/11\/2015-04-14-07.44.13-215x300.jpg 215w\" sizes=\"(max-width: 619px) 100vw, 619px\" \/><\/a><a href=\"http:\/\/www.solv.net.br\/i\/wp-content\/uploads\/2010\/11\/2015-04-14-07.44.18.jpg\"><img loading=\"lazy\" class=\"alignnone size-full wp-image-2503\" src=\"http:\/\/www.solv.net.br\/i\/wp-content\/uploads\/2010\/11\/2015-04-14-07.44.18.jpg\" alt=\"2015-04-14 07.44.18\" width=\"640\" height=\"827\" srcset=\"https:\/\/www.solv.net.br\/i\/wp-content\/uploads\/2010\/11\/2015-04-14-07.44.18.jpg 640w, https:\/\/www.solv.net.br\/i\/wp-content\/uploads\/2010\/11\/2015-04-14-07.44.18-232x300.jpg 232w\" sizes=\"(max-width: 640px) 100vw, 640px\" \/><\/a><a href=\"http:\/\/www.solv.net.br\/i\/wp-content\/uploads\/2010\/11\/2015-04-14-07.48.16.jpg\"><img loading=\"lazy\" class=\"alignnone size-full wp-image-2504\" src=\"http:\/\/www.solv.net.br\/i\/wp-content\/uploads\/2010\/11\/2015-04-14-07.48.16.jpg\" alt=\"2015-04-14 07.48.16\" width=\"866\" height=\"811\" srcset=\"https:\/\/www.solv.net.br\/i\/wp-content\/uploads\/2010\/11\/2015-04-14-07.48.16.jpg 866w, https:\/\/www.solv.net.br\/i\/wp-content\/uploads\/2010\/11\/2015-04-14-07.48.16-300x281.jpg 300w\" sizes=\"(max-width: 866px) 100vw, 866px\" \/><\/a><a href=\"http:\/\/www.solv.net.br\/i\/wp-content\/uploads\/2010\/11\/2015-04-14-07.51.18.jpg\"><img loading=\"lazy\" class=\"alignnone size-full wp-image-2505\" src=\"http:\/\/www.solv.net.br\/i\/wp-content\/uploads\/2010\/11\/2015-04-14-07.51.18.jpg\" alt=\"2015-04-14 07.51.18\" width=\"866\" height=\"804\" srcset=\"https:\/\/www.solv.net.br\/i\/wp-content\/uploads\/2010\/11\/2015-04-14-07.51.18.jpg 866w, https:\/\/www.solv.net.br\/i\/wp-content\/uploads\/2010\/11\/2015-04-14-07.51.18-300x279.jpg 300w\" sizes=\"(max-width: 866px) 100vw, 866px\" \/><\/a><a href=\"http:\/\/www.solv.net.br\/i\/wp-content\/uploads\/2010\/11\/2015-11-23-18.40.45.jpg\"><img loading=\"lazy\" class=\"alignnone size-full wp-image-2506\" src=\"http:\/\/www.solv.net.br\/i\/wp-content\/uploads\/2010\/11\/2015-11-23-18.40.45.jpg\" alt=\"2015-11-23 18.40.45\" width=\"831\" height=\"900\" srcset=\"https:\/\/www.solv.net.br\/i\/wp-content\/uploads\/2010\/11\/2015-11-23-18.40.45.jpg 831w, https:\/\/www.solv.net.br\/i\/wp-content\/uploads\/2010\/11\/2015-11-23-18.40.45-277x300.jpg 277w\" sizes=\"(max-width: 831px) 100vw, 831px\" \/><\/a><a href=\"http:\/\/www.solv.net.br\/i\/wp-content\/uploads\/2010\/11\/Foto1034.jpg\"><img loading=\"lazy\" class=\"alignnone size-full wp-image-2507\" src=\"http:\/\/www.solv.net.br\/i\/wp-content\/uploads\/2010\/11\/Foto1034.jpg\" alt=\"Foto1034\" width=\"900\" height=\"675\" srcset=\"https:\/\/www.solv.net.br\/i\/wp-content\/uploads\/2010\/11\/Foto1034.jpg 900w, https:\/\/www.solv.net.br\/i\/wp-content\/uploads\/2010\/11\/Foto1034-300x225.jpg 300w\" sizes=\"(max-width: 900px) 100vw, 900px\" \/><\/a><a href=\"http:\/\/www.solv.net.br\/i\/wp-content\/uploads\/2010\/11\/999239_561019480652759_1396246479_n.jpg\"><br \/>\n<img loading=\"lazy\" class=\"alignleft size-medium wp-image-1641\" src=\"http:\/\/www.solv.net.br\/i\/wp-content\/uploads\/2010\/11\/999239_561019480652759_1396246479_n.jpg\" alt=\"999239_561019480652759_1396246479_n\" width=\"1\" height=\"1\" \/><\/a><img loading=\"lazy\" class=\"alignright size-medium wp-image-1641\" src=\"http:\/\/www.solv.net.br\/i\/wp-content\/uploads\/2010\/11\/999239_561019480652759_1396246479_n.jpg\" alt=\"999239_561019480652759_1396246479_n\" width=\"1\" height=\"1\" \/><a href=\"http:\/\/www.solv.net.br\/i\/wp-content\/uploads\/2010\/11\/999239_561019480652759_1396246479_n.jpg\"><img loading=\"lazy\" class=\"alignright size-medium wp-image-1641\" src=\"http:\/\/www.solv.net.br\/i\/wp-content\/uploads\/2010\/11\/999239_561019480652759_1396246479_n.jpg\" alt=\"999239_561019480652759_1396246479_n\" width=\"1\" height=\"1\" \/><\/a><\/strong><\/p>\n<p><a href=\"http:\/\/www.solv.net.br\/i\/wp-content\/uploads\/2010\/11\/999239_561019480652759_1396246479_n.jpg\"><img loading=\"lazy\" class=\"alignright size-medium wp-image-1641\" src=\"http:\/\/www.solv.net.br\/i\/wp-content\/uploads\/2010\/11\/999239_561019480652759_1396246479_n.jpg\" alt=\"999239_561019480652759_1396246479_n\" width=\"1\" height=\"1\" \/><\/a><\/p>\n<p><strong>ALGUNS TROFEUS CONQUISTADOS EM CAMPEONATOS DE ORNITOLOGIA PELO MCC<\/strong><\/p>\n<p><a href=\"http:\/\/www.solv.net.br\/i\/criadores\/magno-candido\/12-02-11_2142-2\/\" rel=\"attachment wp-att-339\"><img loading=\"lazy\" class=\"alignleft size-medium wp-image-339\" title=\"12-02-11_2142\" src=\"http:\/\/www.solv.net.br\/i\/wp-content\/uploads\/2010\/11\/12-02-11_21421-300x224.jpg\" alt=\"\" width=\"300\" height=\"224\" srcset=\"https:\/\/www.solv.net.br\/i\/wp-content\/uploads\/2010\/11\/12-02-11_21421-300x224.jpg 300w, https:\/\/www.solv.net.br\/i\/wp-content\/uploads\/2010\/11\/12-02-11_21421-150x112.jpg 150w, https:\/\/www.solv.net.br\/i\/wp-content\/uploads\/2010\/11\/12-02-11_21421.jpg 448w\" sizes=\"(max-width: 300px) 100vw, 300px\" \/><\/a><a href=\"http:\/\/www.solv.net.br\/i\/criadores\/magno-candido\/12-02-11_2143\/\" rel=\"attachment wp-att-340\"><img loading=\"lazy\" class=\"alignleft size-medium wp-image-340\" title=\"12-02-11_2143\" src=\"http:\/\/www.solv.net.br\/i\/wp-content\/uploads\/2010\/11\/12-02-11_2143-300x224.jpg\" alt=\"\" width=\"300\" height=\"224\" srcset=\"https:\/\/www.solv.net.br\/i\/wp-content\/uploads\/2010\/11\/12-02-11_2143-300x224.jpg 300w, https:\/\/www.solv.net.br\/i\/wp-content\/uploads\/2010\/11\/12-02-11_2143-150x112.jpg 150w, https:\/\/www.solv.net.br\/i\/wp-content\/uploads\/2010\/11\/12-02-11_2143.jpg 448w\" sizes=\"(max-width: 300px) 100vw, 300px\" \/><\/a><a href=\"http:\/\/www.solv.net.br\/i\/criadores\/magno-candido\/12-02-11_2144\/\" rel=\"attachment wp-att-341\"><img loading=\"lazy\" class=\"alignleft size-medium wp-image-341\" title=\"12-02-11_2144\" src=\"http:\/\/www.solv.net.br\/i\/wp-content\/uploads\/2010\/11\/12-02-11_2144-300x224.jpg\" alt=\"\" width=\"300\" height=\"224\" srcset=\"https:\/\/www.solv.net.br\/i\/wp-content\/uploads\/2010\/11\/12-02-11_2144-300x224.jpg 300w, https:\/\/www.solv.net.br\/i\/wp-content\/uploads\/2010\/11\/12-02-11_2144-150x112.jpg 150w, https:\/\/www.solv.net.br\/i\/wp-content\/uploads\/2010\/11\/12-02-11_2144.jpg 448w\" sizes=\"(max-width: 300px) 100vw, 300px\" \/><\/a><\/p>\n<p><a href=\"http:\/\/www.solv.net.br\/i\/criadores\/magno-candido\/12-02-11_2145-2\/\" rel=\"attachment wp-att-343\"><img loading=\"lazy\" class=\"alignleft size-medium wp-image-343\" title=\"12-02-11_2145\" src=\"http:\/\/www.solv.net.br\/i\/wp-content\/uploads\/2010\/11\/12-02-11_21451-300x224.jpg\" alt=\"\" width=\"300\" height=\"224\" srcset=\"https:\/\/www.solv.net.br\/i\/wp-content\/uploads\/2010\/11\/12-02-11_21451-300x224.jpg 300w, https:\/\/www.solv.net.br\/i\/wp-content\/uploads\/2010\/11\/12-02-11_21451-150x112.jpg 150w, https:\/\/www.solv.net.br\/i\/wp-content\/uploads\/2010\/11\/12-02-11_21451.jpg 448w\" sizes=\"(max-width: 300px) 100vw, 300px\" \/><\/a><\/p>\n<p><strong>\u00a0<\/strong><\/p>\n<p><strong>\u00a0<\/strong><\/p>\n<p><strong>\u00a0<\/strong><\/p>\n<p><strong>\u00a0<\/strong><\/p>\n<p><strong>\u00a0<\/strong><\/p>\n<p><strong>\u00a0<\/strong><\/p>\n<p><strong>\u00a0<\/strong><\/p>\n<p><strong>\u00a0<\/strong><\/p>\n<p><strong>\u00a0<\/strong><\/p>\n<p><strong>\u00a0<\/strong><\/p>\n<p><strong>\u00a0<\/strong><\/p>\n<p>&nbsp;<\/p>\n<p>&nbsp;<\/p>\n<p>&nbsp;<\/p>\n<p>&nbsp;<\/p>\n<p>&nbsp;<\/p>\n<p>&nbsp;<\/p>\n<p><strong>ABAIXO ALGUMAS FOTOS DO\u00a0CANARIL-MCC<\/strong><\/p>\n<p><strong>\u00a0<\/strong><\/p>\n<p>&nbsp;<\/p>\n<p>&nbsp;<\/p>\n<p>&nbsp;<\/p>\n<p><a href=\"http:\/\/www.solv.net.br\/i\/wp-content\/uploads\/2010\/11\/2013-05-04-11.04.19.jpg\"><img loading=\"lazy\" class=\"alignleft size-medium wp-image-1769\" src=\"http:\/\/www.solv.net.br\/i\/wp-content\/uploads\/2010\/11\/2013-05-04-11.04.19-300x225.jpg\" alt=\"2013-05-04 11.04.19\" width=\"300\" height=\"225\" srcset=\"https:\/\/www.solv.net.br\/i\/wp-content\/uploads\/2010\/11\/2013-05-04-11.04.19-300x225.jpg 300w, https:\/\/www.solv.net.br\/i\/wp-content\/uploads\/2010\/11\/2013-05-04-11.04.19.jpg 640w\" sizes=\"(max-width: 300px) 100vw, 300px\" \/><\/a><a href=\"http:\/\/www.solv.net.br\/i\/wp-content\/uploads\/2010\/11\/2013-05-04-11.03.44.jpg\"><img loading=\"lazy\" class=\"alignleft size-medium wp-image-1768\" src=\"http:\/\/www.solv.net.br\/i\/wp-content\/uploads\/2010\/11\/2013-05-04-11.03.44-300x225.jpg\" alt=\"2013-05-04 11.03.44\" width=\"300\" height=\"225\" srcset=\"https:\/\/www.solv.net.br\/i\/wp-content\/uploads\/2010\/11\/2013-05-04-11.03.44-300x225.jpg 300w, https:\/\/www.solv.net.br\/i\/wp-content\/uploads\/2010\/11\/2013-05-04-11.03.44.jpg 640w\" sizes=\"(max-width: 300px) 100vw, 300px\" \/><\/a><\/p>\n<p>&nbsp;<\/p>\n<p><a href=\"http:\/\/www.solv.net.br\/i\/wp-content\/uploads\/2010\/11\/2014-03-10-20.24.47.jpg\"><img loading=\"lazy\" class=\"alignleft size-medium wp-image-1766\" src=\"http:\/\/www.solv.net.br\/i\/wp-content\/uploads\/2010\/11\/2014-03-10-20.24.47-300x225.jpg\" alt=\"2014-03-10 20.24.47\" width=\"300\" height=\"225\" srcset=\"https:\/\/www.solv.net.br\/i\/wp-content\/uploads\/2010\/11\/2014-03-10-20.24.47-300x225.jpg 300w, https:\/\/www.solv.net.br\/i\/wp-content\/uploads\/2010\/11\/2014-03-10-20.24.47.jpg 900w\" sizes=\"(max-width: 300px) 100vw, 300px\" \/><\/a><a href=\"http:\/\/www.solv.net.br\/i\/wp-content\/uploads\/2010\/11\/2014-03-10-18.57.13.jpg\"><img loading=\"lazy\" class=\"alignleft size-medium wp-image-1764\" src=\"http:\/\/www.solv.net.br\/i\/wp-content\/uploads\/2010\/11\/2014-03-10-18.57.13-300x225.jpg\" alt=\"2014-03-10 18.57.13\" width=\"300\" height=\"225\" srcset=\"https:\/\/www.solv.net.br\/i\/wp-content\/uploads\/2010\/11\/2014-03-10-18.57.13-300x225.jpg 300w, https:\/\/www.solv.net.br\/i\/wp-content\/uploads\/2010\/11\/2014-03-10-18.57.13.jpg 900w\" sizes=\"(max-width: 300px) 100vw, 300px\" \/><\/a><\/p>\n<p><strong>\u00a0<\/strong><\/p>\n<p><strong>\u00a0<\/strong><\/p>\n<p>&nbsp;<\/p>\n<p>&nbsp;<\/p>\n<p>&nbsp;<\/p>\n<p><strong>\u00a0<\/strong><\/p>\n<p><strong>\u00a0<\/strong><\/p>\n<p><strong>\u00a0 <\/strong><strong>\u00a0<\/strong><\/p>\n<p><strong>\u00a0<\/strong><\/p>\n<p><strong>\u00a0<\/strong><\/p>\n<p><strong>\u00a0<\/strong><\/p>\n<p><strong>\u00a0<\/strong><\/p>\n<p><strong>\u00a0<\/strong><\/p>\n<p><strong>\u00a0<\/strong><\/p>\n<p><strong>\u00a0<\/strong><\/p>\n<p><strong>\u00a0\u00a0\u00a0\u00a0\u00a0\u00a0\u00a0\u00a0\u00a0\u00a0\u00a0\u00a0\u00a0\u00a0\u00a0\u00a0\u00a0\u00a0\u00a0\u00a0\u00a0\u00a0\u00a0\u00a0\u00a0\u00a0\u00a0\u00a0\u00a0\u00a0\u00a0\u00a0\u00a0\u00a0\u00a0\u00a0\u00a0\u00a0\u00a0\u00a0\u00a0\u00a0\u00a0\u00a0\u00a0\u00a0\u00a0\u00a0\u00a0\u00a0\u00a0\u00a0\u00a0\u00a0\u00a0\u00a0\u00a0\u00a0\u00a0\u00a0\u00a0\u00a0\u00a0\u00a0\u00a0\u00a0\u00a0\u00a0\u00a0\u00a0\u00a0\u00a0\u00a0\u00a0<\/strong><\/p>\n<p><strong>PARTICIPA\u00c7\u00c3O NA COPA SOCO-SC \u00a0\u00a0<\/strong><strong>\u00a0\u00a0\u00a0\u00a0\u00a0\u00a0\u00a0\u00a0\u00a0\u00a0\u00a0\u00a0\u00a0\u00a0\u00a0\u00a0\u00a0\u00a0\u00a0\u00a0\u00a0\u00a0\u00a0\u00a0\u00a0\u00a0\u00a0\u00a0\u00a0\u00a0\u00a0\u00a0\u00a0\u00a0\u00a0\u00a0\u00a0\u00a0\u00a0\u00a0\u00a0\u00a0\u00a0\u00a0\u00a0&#8211;\u00a0\u00a0\u00a0\u00a0\u00a0\u00a0\u00a0\u00a0\u00a0\u00a0\u00a0\u00a0\u00a0\u00a0\u00a0\u00a0\u00a0\u00a0\u00a0\u00a0\u00a0\u00a0\u00a0\u00a0\u00a0\u00a0\u00a0\u00a0\u00a0\u00a0\u00a0\u00a0\u00a0\u00a0\u00a0\u00a0\u00a0\u00a0\u00a0\u00a0\u00a0\u00a0\u00a0<a href=\"http:\/\/www.solv.net.br\/i\/wp-content\/uploads\/2014\/12\/2014-12-06-22.58.38.jpg\"><img loading=\"lazy\" class=\"alignnone size-medium wp-image-1994\" src=\"http:\/\/www.solv.net.br\/i\/wp-content\/uploads\/2014\/12\/2014-12-06-22.58.38-300x225.jpg\" alt=\"2014-12-06 22.58.38\" width=\"300\" height=\"225\" srcset=\"https:\/\/www.solv.net.br\/i\/wp-content\/uploads\/2014\/12\/2014-12-06-22.58.38-300x225.jpg 300w, https:\/\/www.solv.net.br\/i\/wp-content\/uploads\/2014\/12\/2014-12-06-22.58.38.jpg 900w\" sizes=\"(max-width: 300px) 100vw, 300px\" \/><\/a><a href=\"http:\/\/www.solv.net.br\/i\/wp-content\/uploads\/2014\/12\/2014-12-06-20.59.01.jpg\"><img loading=\"lazy\" class=\"alignnone size-medium wp-image-1988\" src=\"http:\/\/www.solv.net.br\/i\/wp-content\/uploads\/2014\/12\/2014-12-06-20.59.01-300x225.jpg\" alt=\"2014-12-06 20.59.01\" width=\"300\" height=\"225\" srcset=\"https:\/\/www.solv.net.br\/i\/wp-content\/uploads\/2014\/12\/2014-12-06-20.59.01-300x225.jpg 300w, https:\/\/www.solv.net.br\/i\/wp-content\/uploads\/2014\/12\/2014-12-06-20.59.01.jpg 900w\" sizes=\"(max-width: 300px) 100vw, 300px\" \/><\/a><a href=\"http:\/\/www.solv.net.br\/i\/wp-content\/uploads\/2014\/12\/2014-12-05-11.40.01.jpg\"><img loading=\"lazy\" class=\"alignnone size-medium wp-image-1985\" src=\"http:\/\/www.solv.net.br\/i\/wp-content\/uploads\/2014\/12\/2014-12-05-11.40.01-300x225.jpg\" alt=\"2014-12-05 11.40.01\" width=\"300\" height=\"225\" srcset=\"https:\/\/www.solv.net.br\/i\/wp-content\/uploads\/2014\/12\/2014-12-05-11.40.01-300x225.jpg 300w, https:\/\/www.solv.net.br\/i\/wp-content\/uploads\/2014\/12\/2014-12-05-11.40.01.jpg 900w\" sizes=\"(max-width: 300px) 100vw, 300px\" \/><\/a>\u00a0\u00a0\u00a0\u00a0\u00a0<a href=\"http:\/\/www.solv.net.br\/i\/wp-content\/uploads\/2012\/11\/2013-09-22-18.04.41.jpg\"><img loading=\"lazy\" class=\"alignnone size-medium wp-image-1791\" src=\"http:\/\/www.solv.net.br\/i\/wp-content\/uploads\/2012\/11\/2013-09-22-18.04.41-300x225.jpg\" alt=\"2013-09-22 18.04.41\" width=\"300\" height=\"225\" srcset=\"https:\/\/www.solv.net.br\/i\/wp-content\/uploads\/2012\/11\/2013-09-22-18.04.41-300x225.jpg 300w, https:\/\/www.solv.net.br\/i\/wp-content\/uploads\/2012\/11\/2013-09-22-18.04.41.jpg 900w\" sizes=\"(max-width: 300px) 100vw, 300px\" \/><\/a>\u00a0\u00a0\u00a0\u00a0\u00a0\u00a0 <\/strong><\/p>\n","protected":false},"excerpt":{"rendered":"<p>&nbsp; &nbsp; &nbsp; O Criadouro MCC de Magno Candido de Oliveira \u00e9 filiado a SOLV desde o inicio de sua funda\u00e7\u00e3o. No inicio tinha como principais p\u00e1ssaros a cria\u00e7\u00e3o de Periquitos Australianos,mais tarde foi mesclado com p\u00e1ssaros exoticos e atualmente \u00a0voltou a ser composto por periquitos Andulados Australianos -sangue Ingl\u00eas. &nbsp; CASAIS DE PERIQUITOS AUSTRALIANOS&hellip;<\/p>\n","protected":false},"author":2,"featured_media":0,"parent":5,"menu_order":0,"comment_status":"open","ping_status":"closed","template":"","meta":{"_monsterinsights_skip_tracking":false,"_monsterinsights_sitenote_active":false,"_monsterinsights_sitenote_note":"","_monsterinsights_sitenote_category":0},"_links":{"self":[{"href":"https:\/\/www.solv.net.br\/i\/wp-json\/wp\/v2\/pages\/10"}],"collection":[{"href":"https:\/\/www.solv.net.br\/i\/wp-json\/wp\/v2\/pages"}],"about":[{"href":"https:\/\/www.solv.net.br\/i\/wp-json\/wp\/v2\/types\/page"}],"author":[{"embeddable":true,"href":"https:\/\/www.solv.net.br\/i\/wp-json\/wp\/v2\/users\/2"}],"replies":[{"embeddable":true,"href":"https:\/\/www.solv.net.br\/i\/wp-json\/wp\/v2\/comments?post=10"}],"version-history":[{"count":90,"href":"https:\/\/www.solv.net.br\/i\/wp-json\/wp\/v2\/pages\/10\/revisions"}],"predecessor-version":[{"id":2508,"href":"https:\/\/www.solv.net.br\/i\/wp-json\/wp\/v2\/pages\/10\/revisions\/2508"}],"up":[{"embeddable":true,"href":"https:\/\/www.solv.net.br\/i\/wp-json\/wp\/v2\/pages\/5"}],"wp:attachment":[{"href":"https:\/\/www.solv.net.br\/i\/wp-json\/wp\/v2\/media?parent=10"}],"curies":[{"name":"wp","href":"https:\/\/api.w.org\/{rel}","templated":true}]}}